

{"id":14153,"date":"2025-06-25T10:26:25","date_gmt":"2025-06-25T08:26:25","guid":{"rendered":"https:\/\/starke-meinungen.de\/blog\/?page_id=14153"},"modified":"2026-03-24T16:52:23","modified_gmt":"2026-03-24T15:52:23","slug":"impressum","status":"publish","type":"page","link":"https:\/\/starke-meinungen.de\/blog\/impressum\/","title":{"rendered":"Impressum"},"content":{"rendered":"<div class=\"entry-content\">\n<p><strong>Betreiber der Blogs:<\/strong><\/p>\n<p>Alan Posener + Ludwig Greven<\/p>\n<p><strong>Redaktionell verantwortlich i.S.v. 18 Abs. 2 MStV und Administrator:<br \/>\n<\/strong><\/p>\n<p>Ludwig Greven<strong><br \/>\n<\/strong><\/p>\n<p>Winterstr. 47 | 21614 Buxtehude<\/p>\n<p><strong>Kontakt<\/strong><br \/>\nTelefon: 0162\/9070541<br \/>\nE-Mail: ludwig_greven@web.de<\/p>\n<p><strong>Verbraucherstreitbeilegung\/Universalschlichtungsstelle<\/strong><br \/>\nWir sind nicht bereit oder verpflichtet, an Streitbeilegungsverfahren vor einer Verbraucherschlichtungsstelle teilzunehmen.<\/p>\n<p>Quelle:<br \/>\nhttps:\/\/www.e-recht24.de<\/p>\n<hr \/>\n<p><a title=\"www.starke-meinungen.de\" href=\"https:\/\/web.archive.org\/web\/20201020023518\/http:\/\/www.starke-meinungen.de\/\" target=\"_blank\" rel=\"noopener\">www.starke-meinungen.de<\/a> nimmt den Schutz pers\u00f6nlicher Daten sehr ernst und m\u00f6chte, dass sich die Besucher der Webseiten sicher f\u00fchlen. Wir behandeln Ihre Daten vertraulich und geben sie nicht an Dritte weiter.<\/p>\n<p>Wenn Sie uns Ihre pers\u00f6nlichen Daten \u00fcberlassen \u2013 etwa indem Sie uns eine Mail schicken, ein Formular ausf\u00fcllen, oder auf anderem Wege Kontakt mit uns aufnehmen, nutzen wir diese\u00a0personenbezogenen Daten nur f\u00fcr innerbetriebliche Zwecke. Eine Weitergabe zur eigenverantwortlichen Nutzung durch Dritte ist ausgeschlossen \u2013 es sei denn, Sie erkl\u00e4ren sich ausdr\u00fccklich damit einverstanden.<\/p>\n<p>Mit der Eingabe seiner pers\u00f6nlichen Daten wie z.B. E-Mail-Adresse, Name und \/ oder Telefonnummer gestattet der Besucher der Internetseite, dass die Autoren als Betreiber der Seite <a title=\"www.starke-meinungen.de\" href=\"https:\/\/web.archive.org\/web\/20201020023518\/http:\/\/www.starke-meinungen.de\/\" target=\"_blank\" rel=\"noopener\">www.starke-meinungen.de<\/a> mit ihm in Kontakt treten d\u00fcrfen. Dieses Recht ist widerrufbar. Der Absatz \u201eDateneinsicht und L\u00f6schung von Daten\u201c gibt dazu Auskunft.<\/p>\n<p><strong>Dateneinsicht und L\u00f6schung von Daten<br \/>\n<\/strong>Besucher \/ Nutzer von <a title=\"www.starke-meinungen.de\" href=\"https:\/\/web.archive.org\/web\/20201020023518\/http:\/\/www.starke-meinungen.de\/\" target=\"_blank\" rel=\"noopener\">www.starke-meinungen.de<\/a> k\u00f6nnen die von ihnen angegebenen personenbezogenen Daten\u00a0\u00e4ndern sowie deren L\u00f6schung verlangen. Dazu ist es erforderlich, dass sie pers\u00f6nlich Kontakt mit uns aufnehmen und sich als betroffene Person legitimieren.<\/p>\n<p>Nach einer L\u00f6schung erhalten die betreffenden Personen keine weiteren Informationen \/ Leistungen mehr, die den Anwendungsbereich der gespeicherten Informationen betreffen wie z.B. den Versand eines Newsletters.<\/p>\n<p><strong>Haftungsausschluss f\u00fcr Links zu anderen Webseiten<br \/>\n<\/strong>Die Webseiten k\u00f6nnen Links zu anderen, externen Webseiten enthalten. F\u00fcr den Inhalt dieser Webseiten sowie f\u00fcr die dort praktizierten Datenschutzrichtlinien sind ausschlie\u00dflich deren Betreiber zust\u00e4ndig.<\/p>\n<p><strong>Einsatz von Google Analytics<\/strong><br \/>\nDiese Website benutzt Google Analytics, einen Webanalysedienst der Google Inc. (\u201cGoogle\u201d). Google Analytics verwendet sog. \u201cCookies\u201d, Textdateien, die auf Ihrem Computer gespeichert werden und die eine Analyse der Benutzung der Website durch Sie erm\u00f6glicht. Die durch den Cookie erzeugten Informationen \u00fcber Ihre Benutzung dieser Website (einschlie\u00dflich Ihrer IP-Adresse) wird an einen Server von Google in den USA \u00fcbertragen und dort gespeichert. Google wird diese Informationen benutzen, um Ihre Nutzung der Website auszuwerten, um Reports \u00fcber die Websiteaktivit\u00e4ten f\u00fcr die Websitebetreiber zusammenzustellen und um weitere mit der Websitenutzung und der Internetnutzung verbundene Dienstleistungen zu erbringen. Auch wird Google diese Informationen gegebenenfalls an Dritte \u00fcbertragen, sofern dies gesetzlich vorgeschrieben oder soweit Dritte diese Daten im Auftrag von Google verarbeiten. Google wird in keinem Fall Ihre IP-Adresse mit anderen Daten der Google in Verbindung bringen. Sie k\u00f6nnen die Installation der Cookies durch entsprechende Einstellung Ihrer Browser Software verhindern; wir weisen Sie jedoch darauf hin, dass Sie in diesem Fall gegebenenfalls nicht s\u00e4mtliche Funktionen dieser Website voll umf\u00e4nglich nutzen k\u00f6nnen. Durch die Nutzung dieser Website erkl\u00e4ren Sie sich mit der Bearbeitung der \u00fcber Sie erhobenen Daten durch Google in der zuvor beschriebenen Art und Weise und zu dem zuvor benannten Zweck einverstanden.<\/p>\n<p><strong>Urheberrecht<\/strong><\/p>\n<p><a title=\"www.starke-meinungen.de\" href=\"https:\/\/web.archive.org\/web\/20201020023518\/http:\/\/www.starke-meinungen.de\/\">www.starke-meinungen.de<\/a> ist bestrebt, in allen Publikationen die Urheberrechte der verwendeten Bilder, Grafiken, Tondokumente, Videosequenzen und Texte zu beachten oder auf lizenzfreie Bilder, Grafiken, Tondokumente, Videosequenzen und Texte zur\u00fcckzugreifen. Alle innerhalb des Internetangebotes genannten und ggf. durch Dritte gesch\u00fctzten Marken- und Warenzeichen unterliegen uneingeschr\u00e4nkt den Bestimmungen des jeweils g\u00fcltigen Kennzeichenrechts und den Besitzrechten der jeweiligen eingetragenen Eigent\u00fcmer. Allein aufgrund der blo\u00dfen Nennung ist nicht der Schluss zu ziehen, dass Markenzeichen nicht durch Rechte Dritter gesch\u00fctzt sind! Das Copyright f\u00fcr\u00a0von <a title=\"www.starke-meinungen.de\" href=\"https:\/\/web.archive.org\/web\/20201020023518\/http:\/\/www.starke-meinungen.de\/\">www.starke-meinungen.de<\/a> selbst erstellten Inhalten bleibt allein bei den Autoren.\u00a0Eine Vervielf\u00e4ltigung oder Verwendung\u00a0dieser Bilder,\u00a0Grafiken, Tondokumente, Videosequenzen und Texte in anderen elektronischen oder gedruckten Publikationen ist grunds\u00e4tzlich m\u00f6glich und im Interesse der Autoren \u2013 bedarf jedoch in jedem Fall der\u00a0ausdr\u00fccklichen Zustimmung der Autoren. Sie k\u00f6nnen \u00fcber info(at)starke-meinungen.de\u00a0kontaktiert werden.<\/p>\n<p><strong>Kontakt<br \/>\n<\/strong>Bei Fragen, die diese Datenschutzrichtlinie betreffen, sind wir unter info(at)starke-meinungen.de f\u00fcr Sie erreichbar.\u00a0Die gesetzlich vorgeschriebenen Unternehmensinformationen sind im Impressum der betreffenden Webseite aufgef\u00fchrt.<\/p>\n<p>&nbsp;<\/p>\n<hr \/>\n<\/div>\n<div><\/div>\n<div class=\"entry-content\"><strong>Entwicklung, Design &amp; Hosting (keine Verantwortung f\u00fcr Inhalte):<\/strong><strong>Quintact | Digital Experts<\/strong><a title=\"Logo: Quintact | f\u00fcr bewegende Kommunikation\" href=\"https:\/\/web.archive.org\/web\/20201020023518\/http:\/\/www.quintact.de\/\" target=\"_blank\" rel=\"noopener\"><img loading=\"lazy\" decoding=\"async\" class=\"alignright wp-image-72 size-full\" title=\"quintact_logo_small\" src=\"https:\/\/web.archive.org\/web\/20201020023518im_\/https:\/\/starke-meinungen.de\/blog\/wp-content\/uploads\/quintact_logo_small.gif\" alt=\"internetagentur Potsdam - Berlin: Quintact | f\u00fcr bewegende Kommunikation - \" width=\"150\" height=\"56\" \/><\/a><br \/>\nFrank Ehlert, Potsdam<br \/>\nE-Mail: Info@Quintact.de<br \/>\nTel: 0331 5050896<br \/>\n<a href=\"https:\/\/web.archive.org\/web\/20201020023518\/http:\/\/www.quintact.de\/\" target=\"_blank\" rel=\"noopener\">www.Quintact.de<\/a><\/div>\n<div class=\"shariff shariff-align-left shariff-widget-align-left shariff-buttonstretch\" style=\"display:none\"><ul class=\"shariff-buttons theme-white orientation-horizontal buttonsize-medium\"><li class=\"shariff-button facebook shariff-nocustomcolor\" style=\"background-color:#4273c8\"><a href=\"https:\/\/www.facebook.com\/sharer\/sharer.php?u=https%3A%2F%2Fstarke-meinungen.de%2Fblog%2Fimpressum%2F\" title=\"Bei Facebook teilen\" aria-label=\"Bei Facebook teilen\" role=\"button\" rel=\"nofollow\" class=\"shariff-link\" style=\"; background-color:#3b5998; color:#3b5998\" target=\"_blank\"><span class=\"shariff-icon\" style=\"fill:#3b5998\"><svg width=\"32px\" height=\"20px\" xmlns=\"http:\/\/www.w3.org\/2000\/svg\" viewBox=\"0 0 18 32\"><path fill=\"#3b5998\" d=\"M17.1 0.2v4.7h-2.8q-1.5 0-2.1 0.6t-0.5 1.9v3.4h5.2l-0.7 5.3h-4.5v13.6h-5.5v-13.6h-4.5v-5.3h4.5v-3.9q0-3.3 1.9-5.2t5-1.8q2.6 0 4.1 0.2z\"\/><\/svg><\/span><span class=\"shariff-text\" style=\"color:#3b5998\">teilen<\/span>&nbsp;<\/a><\/li><li class=\"shariff-button twitter shariff-nocustomcolor\" style=\"background-color:#595959\"><a href=\"https:\/\/twitter.com\/share?url=https%3A%2F%2Fstarke-meinungen.de%2Fblog%2Fimpressum%2F&text=Impressum&via=starkemeinungen\" title=\"Bei X teilen\" aria-label=\"Bei X teilen\" role=\"button\" rel=\"noopener nofollow\" class=\"shariff-link\" style=\"; background-color:#000; color:#000\" target=\"_blank\"><span class=\"shariff-icon\" style=\"fill:#000\"><svg width=\"32px\" height=\"20px\" xmlns=\"http:\/\/www.w3.org\/2000\/svg\" viewBox=\"0 0 24 24\"><path fill=\"#000\" d=\"M14.258 10.152L23.176 0h-2.113l-7.747 8.813L7.133 0H0l9.352 13.328L0 23.973h2.113l8.176-9.309 6.531 9.309h7.133zm-2.895 3.293l-.949-1.328L2.875 1.56h3.246l6.086 8.523.945 1.328 7.91 11.078h-3.246zm0 0\"\/><\/svg><\/span><span class=\"shariff-text\" style=\"color:#000\">teilen<\/span>&nbsp;<\/a><\/li><li class=\"shariff-button linkedin shariff-nocustomcolor\" style=\"background-color:#1488bf\"><a href=\"https:\/\/www.linkedin.com\/sharing\/share-offsite\/?url=https%3A%2F%2Fstarke-meinungen.de%2Fblog%2Fimpressum%2F\" title=\"Bei LinkedIn teilen\" aria-label=\"Bei LinkedIn teilen\" role=\"button\" rel=\"noopener nofollow\" class=\"shariff-link\" style=\"; background-color:#0077b5; color:#0077b5\" target=\"_blank\"><span class=\"shariff-icon\" style=\"fill:#0077b5\"><svg width=\"32px\" height=\"20px\" xmlns=\"http:\/\/www.w3.org\/2000\/svg\" viewBox=\"0 0 27 32\"><path fill=\"#0077b5\" d=\"M6.2 11.2v17.7h-5.9v-17.7h5.9zM6.6 5.7q0 1.3-0.9 2.2t-2.4 0.9h0q-1.5 0-2.4-0.9t-0.9-2.2 0.9-2.2 2.4-0.9 2.4 0.9 0.9 2.2zM27.4 18.7v10.1h-5.9v-9.5q0-1.9-0.7-2.9t-2.3-1.1q-1.1 0-1.9 0.6t-1.2 1.5q-0.2 0.5-0.2 1.4v9.9h-5.9q0-7.1 0-11.6t0-5.3l0-0.9h5.9v2.6h0q0.4-0.6 0.7-1t1-0.9 1.6-0.8 2-0.3q3 0 4.9 2t1.9 6z\"\/><\/svg><\/span><span class=\"shariff-text\" style=\"color:#0077b5\">teilen<\/span>&nbsp;<\/a><\/li><li class=\"shariff-button xing shariff-nocustomcolor\" style=\"background-color:#29888a\"><a href=\"https:\/\/www.xing.com\/spi\/shares\/new?url=https%3A%2F%2Fstarke-meinungen.de%2Fblog%2Fimpressum%2F\" title=\"Bei XING teilen\" aria-label=\"Bei XING teilen\" role=\"button\" rel=\"noopener nofollow\" class=\"shariff-link\" style=\"; background-color:#126567; color:#126567\" target=\"_blank\"><span class=\"shariff-icon\" style=\"fill:#126567\"><svg width=\"32px\" height=\"20px\" xmlns=\"http:\/\/www.w3.org\/2000\/svg\" viewBox=\"0 0 25 32\"><path fill=\"#126567\" d=\"M10.7 11.9q-0.2 0.3-4.6 8.2-0.5 0.8-1.2 0.8h-4.3q-0.4 0-0.5-0.3t0-0.6l4.5-8q0 0 0 0l-2.9-5q-0.2-0.4 0-0.7 0.2-0.3 0.5-0.3h4.3q0.7 0 1.2 0.8zM25.1 0.4q0.2 0.3 0 0.7l-9.4 16.7 6 11q0.2 0.4 0 0.6-0.2 0.3-0.6 0.3h-4.3q-0.7 0-1.2-0.8l-6-11.1q0.3-0.6 9.5-16.8 0.4-0.8 1.2-0.8h4.3q0.4 0 0.5 0.3z\"\/><\/svg><\/span><span class=\"shariff-text\" style=\"color:#126567\">teilen<\/span>&nbsp;<\/a><\/li><li class=\"shariff-button whatsapp shariff-nocustomcolor\" style=\"background-color:#5cbe4a\"><a href=\"https:\/\/api.whatsapp.com\/send?text=https%3A%2F%2Fstarke-meinungen.de%2Fblog%2Fimpressum%2F%20Impressum\" title=\"Bei Whatsapp teilen\" aria-label=\"Bei Whatsapp teilen\" role=\"button\" rel=\"noopener nofollow\" class=\"shariff-link\" style=\"; background-color:#34af23; color:#34af23\" target=\"_blank\"><span class=\"shariff-icon\" style=\"fill:#34af23\"><svg width=\"32px\" height=\"20px\" xmlns=\"http:\/\/www.w3.org\/2000\/svg\" viewBox=\"0 0 32 32\"><path fill=\"#34af23\" d=\"M17.6 17.4q0.2 0 1.7 0.8t1.6 0.9q0 0.1 0 0.3 0 0.6-0.3 1.4-0.3 0.7-1.3 1.2t-1.8 0.5q-1 0-3.4-1.1-1.7-0.8-3-2.1t-2.6-3.3q-1.3-1.9-1.3-3.5v-0.1q0.1-1.6 1.3-2.8 0.4-0.4 0.9-0.4 0.1 0 0.3 0t0.3 0q0.3 0 0.5 0.1t0.3 0.5q0.1 0.4 0.6 1.6t0.4 1.3q0 0.4-0.6 1t-0.6 0.8q0 0.1 0.1 0.3 0.6 1.3 1.8 2.4 1 0.9 2.7 1.8 0.2 0.1 0.4 0.1 0.3 0 1-0.9t0.9-0.9zM14 26.9q2.3 0 4.3-0.9t3.6-2.4 2.4-3.6 0.9-4.3-0.9-4.3-2.4-3.6-3.6-2.4-4.3-0.9-4.3 0.9-3.6 2.4-2.4 3.6-0.9 4.3q0 3.6 2.1 6.6l-1.4 4.2 4.3-1.4q2.8 1.9 6.2 1.9zM14 2.2q2.7 0 5.2 1.1t4.3 2.9 2.9 4.3 1.1 5.2-1.1 5.2-2.9 4.3-4.3 2.9-5.2 1.1q-3.5 0-6.5-1.7l-7.4 2.4 2.4-7.2q-1.9-3.2-1.9-6.9 0-2.7 1.1-5.2t2.9-4.3 4.3-2.9 5.2-1.1z\"\/><\/svg><\/span><span class=\"shariff-text\" style=\"color:#34af23\">teilen<\/span>&nbsp;<\/a><\/li><li class=\"shariff-button info shariff-nocustomcolor\" style=\"background-color:#a8a8a8\"><a href=\"http:\/\/ct.de\/-2467514\" title=\"Weitere Informationen\" aria-label=\"Weitere Informationen\" role=\"button\" rel=\"noopener \" class=\"shariff-link\" style=\"; background-color:#999; color:#999\" target=\"_blank\"><span class=\"shariff-icon\" style=\"fill:#999\"><svg width=\"32px\" height=\"20px\" xmlns=\"http:\/\/www.w3.org\/2000\/svg\" viewBox=\"0 0 11 32\"><path fill=\"#999\" d=\"M11.4 24v2.3q0 0.5-0.3 0.8t-0.8 0.4h-9.1q-0.5 0-0.8-0.4t-0.4-0.8v-2.3q0-0.5 0.4-0.8t0.8-0.4h1.1v-6.8h-1.1q-0.5 0-0.8-0.4t-0.4-0.8v-2.3q0-0.5 0.4-0.8t0.8-0.4h6.8q0.5 0 0.8 0.4t0.4 0.8v10.3h1.1q0.5 0 0.8 0.4t0.3 0.8zM9.2 3.4v3.4q0 0.5-0.4 0.8t-0.8 0.4h-4.6q-0.4 0-0.8-0.4t-0.4-0.8v-3.4q0-0.4 0.4-0.8t0.8-0.4h4.6q0.5 0 0.8 0.4t0.4 0.8z\"\/><\/svg><\/span><\/a><\/li><\/ul><\/div>","protected":false},"excerpt":{"rendered":"<p>Betreiber der Blogs: Alan Posener + Ludwig Greven Redaktionell verantwortlich i.S.v. 18 Abs. 2 MStV und Administrator: Ludwig Greven Winterstr. 47 | 21614 Buxtehude Kontakt Telefon: 0162\/9070541 E-Mail: ludwig_greven@web.de Verbraucherstreitbeilegung\/Universalschlichtungsstelle Wir sind nicht bereit oder verpflichtet, an Streitbeilegungsverfahren vor einer Verbraucherschlichtungsstelle teilzunehmen. Quelle: https:\/\/www.e-recht24.de www.starke-meinungen.de nimmt den Schutz pers\u00f6nlicher Daten sehr ernst und m\u00f6chte, dass sich die Besucher der Webseiten&#8230; <a href=\"https:\/\/starke-meinungen.de\/blog\/impressum\/\">Weiterlesen &raquo;<\/a><\/p>\n","protected":false},"author":1,"featured_media":0,"parent":0,"menu_order":0,"comment_status":"closed","ping_status":"closed","template":"","meta":{"footnotes":""},"class_list":["post-14153","page","type-page","status-publish","hentry"],"yoast_head":"<!-- This site is optimized with the Yoast SEO plugin v27.4 - https:\/\/yoast.com\/product\/yoast-seo-wordpress\/ -->\n<title>Impressum - starke-meinungen.de<\/title>\n<meta name=\"robots\" content=\"index, follow, max-snippet:-1, max-image-preview:large, max-video-preview:-1\" \/>\n<link rel=\"canonical\" href=\"https:\/\/starke-meinungen.de\/blog\/impressum\/\" \/>\n<meta property=\"og:locale\" content=\"de_DE\" \/>\n<meta property=\"og:type\" content=\"article\" \/>\n<meta property=\"og:title\" content=\"Impressum - starke-meinungen.de\" \/>\n<meta property=\"og:description\" content=\"Betreiber der Blogs: Alan Posener + Ludwig Greven Redaktionell verantwortlich i.S.v. 18 Abs. 2 MStV und Administrator: Ludwig Greven Winterstr. 47 | 21614 Buxtehude Kontakt Telefon: 0162\/9070541 E-Mail: ludwig_greven@web.de Verbraucherstreitbeilegung\/Universalschlichtungsstelle Wir sind nicht bereit oder verpflichtet, an Streitbeilegungsverfahren vor einer Verbraucherschlichtungsstelle teilzunehmen. Quelle: https:\/\/www.e-recht24.de www.starke-meinungen.de nimmt den Schutz pers\u00f6nlicher Daten sehr ernst und m\u00f6chte, dass sich die Besucher der Webseiten... Weiterlesen &raquo;\" \/>\n<meta property=\"og:url\" content=\"https:\/\/starke-meinungen.de\/blog\/impressum\/\" \/>\n<meta property=\"og:site_name\" content=\"starke-meinungen.de\" \/>\n<meta property=\"article:publisher\" content=\"https:\/\/www.facebook.com\/starkemeinungen\/\" \/>\n<meta property=\"article:modified_time\" content=\"2026-03-24T15:52:23+00:00\" \/>\n<meta property=\"og:image\" content=\"https:\/\/starke-meinungen.de\/blog\/wp-content\/uploads\/quintact_logo_small.gif\" \/>\n\t<meta property=\"og:image:width\" content=\"150\" \/>\n\t<meta property=\"og:image:height\" content=\"56\" \/>\n\t<meta property=\"og:image:type\" content=\"image\/gif\" \/>\n<meta name=\"twitter:card\" content=\"summary_large_image\" \/>\n<meta name=\"twitter:site\" content=\"@starkemeinungen\" \/>\n<meta name=\"twitter:label1\" content=\"Gesch\u00e4tzte Lesezeit\" \/>\n\t<meta name=\"twitter:data1\" content=\"4\u00a0Minuten\" \/>\n<script type=\"application\/ld+json\" class=\"yoast-schema-graph\">{\"@context\":\"https:\\\/\\\/schema.org\",\"@graph\":[{\"@type\":\"WebPage\",\"@id\":\"https:\\\/\\\/starke-meinungen.de\\\/blog\\\/impressum\\\/\",\"url\":\"https:\\\/\\\/starke-meinungen.de\\\/blog\\\/impressum\\\/\",\"name\":\"Impressum - starke-meinungen.de\",\"isPartOf\":{\"@id\":\"https:\\\/\\\/starke-meinungen.de\\\/blog\\\/#website\"},\"primaryImageOfPage\":{\"@id\":\"https:\\\/\\\/starke-meinungen.de\\\/blog\\\/impressum\\\/#primaryimage\"},\"image\":{\"@id\":\"https:\\\/\\\/starke-meinungen.de\\\/blog\\\/impressum\\\/#primaryimage\"},\"thumbnailUrl\":\"https:\\\/\\\/web.archive.org\\\/web\\\/20201020023518im_\\\/https:\\\/\\\/starke-meinungen.de\\\/blog\\\/wp-content\\\/uploads\\\/quintact_logo_small.gif\",\"datePublished\":\"2025-06-25T08:26:25+00:00\",\"dateModified\":\"2026-03-24T15:52:23+00:00\",\"breadcrumb\":{\"@id\":\"https:\\\/\\\/starke-meinungen.de\\\/blog\\\/impressum\\\/#breadcrumb\"},\"inLanguage\":\"de\",\"potentialAction\":[{\"@type\":\"ReadAction\",\"target\":[\"https:\\\/\\\/starke-meinungen.de\\\/blog\\\/impressum\\\/\"]}]},{\"@type\":\"ImageObject\",\"inLanguage\":\"de\",\"@id\":\"https:\\\/\\\/starke-meinungen.de\\\/blog\\\/impressum\\\/#primaryimage\",\"url\":\"https:\\\/\\\/web.archive.org\\\/web\\\/20201020023518im_\\\/https:\\\/\\\/starke-meinungen.de\\\/blog\\\/wp-content\\\/uploads\\\/quintact_logo_small.gif\",\"contentUrl\":\"https:\\\/\\\/web.archive.org\\\/web\\\/20201020023518im_\\\/https:\\\/\\\/starke-meinungen.de\\\/blog\\\/wp-content\\\/uploads\\\/quintact_logo_small.gif\"},{\"@type\":\"BreadcrumbList\",\"@id\":\"https:\\\/\\\/starke-meinungen.de\\\/blog\\\/impressum\\\/#breadcrumb\",\"itemListElement\":[{\"@type\":\"ListItem\",\"position\":1,\"name\":\"Startseite\",\"item\":\"https:\\\/\\\/starke-meinungen.de\\\/blog\\\/\"},{\"@type\":\"ListItem\",\"position\":2,\"name\":\"Impressum\"}]},{\"@type\":\"WebSite\",\"@id\":\"https:\\\/\\\/starke-meinungen.de\\\/blog\\\/#website\",\"url\":\"https:\\\/\\\/starke-meinungen.de\\\/blog\\\/\",\"name\":\"starke-meinungen.de\",\"description\":\"Autoren-Blog\",\"publisher\":{\"@id\":\"https:\\\/\\\/starke-meinungen.de\\\/blog\\\/#organization\"},\"potentialAction\":[{\"@type\":\"SearchAction\",\"target\":{\"@type\":\"EntryPoint\",\"urlTemplate\":\"https:\\\/\\\/starke-meinungen.de\\\/blog\\\/?s={search_term_string}\"},\"query-input\":{\"@type\":\"PropertyValueSpecification\",\"valueRequired\":true,\"valueName\":\"search_term_string\"}}],\"inLanguage\":\"de\"},{\"@type\":\"Organization\",\"@id\":\"https:\\\/\\\/starke-meinungen.de\\\/blog\\\/#organization\",\"name\":\"starke-meinungen.de\",\"url\":\"https:\\\/\\\/starke-meinungen.de\\\/blog\\\/\",\"logo\":{\"@type\":\"ImageObject\",\"inLanguage\":\"de\",\"@id\":\"https:\\\/\\\/starke-meinungen.de\\\/blog\\\/#\\\/schema\\\/logo\\\/image\\\/\",\"url\":\"https:\\\/\\\/starke-meinungen.de\\\/blog\\\/wp-content\\\/uploads\\\/starke-meinungen-fb-header.jpg\",\"contentUrl\":\"https:\\\/\\\/starke-meinungen.de\\\/blog\\\/wp-content\\\/uploads\\\/starke-meinungen-fb-header.jpg\",\"width\":1200,\"height\":630,\"caption\":\"starke-meinungen.de\"},\"image\":{\"@id\":\"https:\\\/\\\/starke-meinungen.de\\\/blog\\\/#\\\/schema\\\/logo\\\/image\\\/\"},\"sameAs\":[\"https:\\\/\\\/www.facebook.com\\\/starkemeinungen\\\/\",\"https:\\\/\\\/x.com\\\/starkemeinungen\"]}]}<\/script>\n<!-- \/ Yoast SEO plugin. -->","yoast_head_json":{"title":"Impressum - starke-meinungen.de","robots":{"index":"index","follow":"follow","max-snippet":"max-snippet:-1","max-image-preview":"max-image-preview:large","max-video-preview":"max-video-preview:-1"},"canonical":"https:\/\/starke-meinungen.de\/blog\/impressum\/","og_locale":"de_DE","og_type":"article","og_title":"Impressum - starke-meinungen.de","og_description":"Betreiber der Blogs: Alan Posener + Ludwig Greven Redaktionell verantwortlich i.S.v. 18 Abs. 2 MStV und Administrator: Ludwig Greven Winterstr. 47 | 21614 Buxtehude Kontakt Telefon: 0162\/9070541 E-Mail: ludwig_greven@web.de Verbraucherstreitbeilegung\/Universalschlichtungsstelle Wir sind nicht bereit oder verpflichtet, an Streitbeilegungsverfahren vor einer Verbraucherschlichtungsstelle teilzunehmen. Quelle: https:\/\/www.e-recht24.de www.starke-meinungen.de nimmt den Schutz pers\u00f6nlicher Daten sehr ernst und m\u00f6chte, dass sich die Besucher der Webseiten... Weiterlesen &raquo;","og_url":"https:\/\/starke-meinungen.de\/blog\/impressum\/","og_site_name":"starke-meinungen.de","article_publisher":"https:\/\/www.facebook.com\/starkemeinungen\/","article_modified_time":"2026-03-24T15:52:23+00:00","og_image":[{"width":150,"height":56,"url":"https:\/\/starke-meinungen.de\/blog\/wp-content\/uploads\/quintact_logo_small.gif","type":"image\/gif"}],"twitter_card":"summary_large_image","twitter_site":"@starkemeinungen","twitter_misc":{"Gesch\u00e4tzte Lesezeit":"4\u00a0Minuten"},"schema":{"@context":"https:\/\/schema.org","@graph":[{"@type":"WebPage","@id":"https:\/\/starke-meinungen.de\/blog\/impressum\/","url":"https:\/\/starke-meinungen.de\/blog\/impressum\/","name":"Impressum - starke-meinungen.de","isPartOf":{"@id":"https:\/\/starke-meinungen.de\/blog\/#website"},"primaryImageOfPage":{"@id":"https:\/\/starke-meinungen.de\/blog\/impressum\/#primaryimage"},"image":{"@id":"https:\/\/starke-meinungen.de\/blog\/impressum\/#primaryimage"},"thumbnailUrl":"https:\/\/web.archive.org\/web\/20201020023518im_\/https:\/\/starke-meinungen.de\/blog\/wp-content\/uploads\/quintact_logo_small.gif","datePublished":"2025-06-25T08:26:25+00:00","dateModified":"2026-03-24T15:52:23+00:00","breadcrumb":{"@id":"https:\/\/starke-meinungen.de\/blog\/impressum\/#breadcrumb"},"inLanguage":"de","potentialAction":[{"@type":"ReadAction","target":["https:\/\/starke-meinungen.de\/blog\/impressum\/"]}]},{"@type":"ImageObject","inLanguage":"de","@id":"https:\/\/starke-meinungen.de\/blog\/impressum\/#primaryimage","url":"https:\/\/web.archive.org\/web\/20201020023518im_\/https:\/\/starke-meinungen.de\/blog\/wp-content\/uploads\/quintact_logo_small.gif","contentUrl":"https:\/\/web.archive.org\/web\/20201020023518im_\/https:\/\/starke-meinungen.de\/blog\/wp-content\/uploads\/quintact_logo_small.gif"},{"@type":"BreadcrumbList","@id":"https:\/\/starke-meinungen.de\/blog\/impressum\/#breadcrumb","itemListElement":[{"@type":"ListItem","position":1,"name":"Startseite","item":"https:\/\/starke-meinungen.de\/blog\/"},{"@type":"ListItem","position":2,"name":"Impressum"}]},{"@type":"WebSite","@id":"https:\/\/starke-meinungen.de\/blog\/#website","url":"https:\/\/starke-meinungen.de\/blog\/","name":"starke-meinungen.de","description":"Autoren-Blog","publisher":{"@id":"https:\/\/starke-meinungen.de\/blog\/#organization"},"potentialAction":[{"@type":"SearchAction","target":{"@type":"EntryPoint","urlTemplate":"https:\/\/starke-meinungen.de\/blog\/?s={search_term_string}"},"query-input":{"@type":"PropertyValueSpecification","valueRequired":true,"valueName":"search_term_string"}}],"inLanguage":"de"},{"@type":"Organization","@id":"https:\/\/starke-meinungen.de\/blog\/#organization","name":"starke-meinungen.de","url":"https:\/\/starke-meinungen.de\/blog\/","logo":{"@type":"ImageObject","inLanguage":"de","@id":"https:\/\/starke-meinungen.de\/blog\/#\/schema\/logo\/image\/","url":"https:\/\/starke-meinungen.de\/blog\/wp-content\/uploads\/starke-meinungen-fb-header.jpg","contentUrl":"https:\/\/starke-meinungen.de\/blog\/wp-content\/uploads\/starke-meinungen-fb-header.jpg","width":1200,"height":630,"caption":"starke-meinungen.de"},"image":{"@id":"https:\/\/starke-meinungen.de\/blog\/#\/schema\/logo\/image\/"},"sameAs":["https:\/\/www.facebook.com\/starkemeinungen\/","https:\/\/x.com\/starkemeinungen"]}]}},"_links":{"self":[{"href":"https:\/\/starke-meinungen.de\/blog\/wp-json\/wp\/v2\/pages\/14153","targetHints":{"allow":["GET"]}}],"collection":[{"href":"https:\/\/starke-meinungen.de\/blog\/wp-json\/wp\/v2\/pages"}],"about":[{"href":"https:\/\/starke-meinungen.de\/blog\/wp-json\/wp\/v2\/types\/page"}],"author":[{"embeddable":true,"href":"https:\/\/starke-meinungen.de\/blog\/wp-json\/wp\/v2\/users\/1"}],"replies":[{"embeddable":true,"href":"https:\/\/starke-meinungen.de\/blog\/wp-json\/wp\/v2\/comments?post=14153"}],"version-history":[{"count":16,"href":"https:\/\/starke-meinungen.de\/blog\/wp-json\/wp\/v2\/pages\/14153\/revisions"}],"predecessor-version":[{"id":16894,"href":"https:\/\/starke-meinungen.de\/blog\/wp-json\/wp\/v2\/pages\/14153\/revisions\/16894"}],"wp:attachment":[{"href":"https:\/\/starke-meinungen.de\/blog\/wp-json\/wp\/v2\/media?parent=14153"}],"curies":[{"name":"wp","href":"https:\/\/api.w.org\/{rel}","templated":true}]}}