

{"id":10835,"date":"2024-12-17T17:28:05","date_gmt":"2024-12-17T16:28:05","guid":{"rendered":"https:\/\/starke-meinungen.de\/blog\/?page_id=10835"},"modified":"2026-03-27T17:30:01","modified_gmt":"2026-03-27T16:30:01","slug":"andreas-toelke","status":"publish","type":"page","link":"https:\/\/starke-meinungen.de\/blog\/andreas-toelke\/","title":{"rendered":"Andreas T\u00f6lke"},"content":{"rendered":"<p>hat 25 Jahre Hochglanz vollgeschrieben, national und International, mit Portr\u00e4ts und Interviews mit Gr\u00f6\u00dfen von Zaha Hadid bis Jeff Koons. Seit 2015 ist T\u00f6lke \u201eGutmensch\u201c, hat Be an Angel e.V. initiiert, um soziale und \u00f6konomischer Integration voranzutreiben, und das Restaurant Kreuzberger Himmel gegr\u00fcndet, das ausschlie\u00dflich von Menschen mit Fluchterfahrung betrieben wird. Seit dem 4. M\u00e4rz 2022 ist der Bundesverdienstkreuztr\u00e4ger meist in der Ukraine, hat mit dem Be an Angel-Team 24.000 Menschen evakuiert und 5.000 Tonnen Hilfsg\u00fcter bis in Frontgebiete geliefert. Bei Demagogie, Ideologie, Radikalisierung, Paternalismus und Besserwisserei-Gequengel bekommt T\u00f6lke richtig schlechte Laune.<\/p>\n<h2 class=\"display-posts-title\">Autorenbeitr\u00e4ge<\/h2>\n<ul class=\"display-posts-listing\"><li class=\"listing-item\"><a class=\"title\" href=\"https:\/\/starke-meinungen.de\/blog\/2026\/04\/09\/hermann-ist-tot\/\">Hermann ist tot<\/a> <span class=\"date\">09.04.2026<\/span><\/li><li class=\"listing-item\"><a class=\"title\" href=\"https:\/\/starke-meinungen.de\/blog\/2026\/04\/06\/jammerlappen\/\">Jammerlappen<\/a> <span class=\"date\">06.04.2026<\/span><\/li><li class=\"listing-item\"><a class=\"title\" href=\"https:\/\/starke-meinungen.de\/blog\/2026\/03\/27\/ein-juedisches-leben-in-deutschland-irgendwann-muss-es-auch-mal-gut-sein\/\">Ein j\u00fcdisches Leben in Deutschland &#8211; &#8222;Irgendwann muss es auch mal gut sein&#8220;<\/a> <span class=\"date\">27.03.2026<\/span><\/li><li class=\"listing-item\"><a class=\"title\" href=\"https:\/\/starke-meinungen.de\/blog\/2026\/01\/18\/kherson-die-neue-dimension-entmenschlichter-kriegsfuehrung\/\">Kherson &#8211; die neue Dimension entmenschlichter Kriegsf\u00fchrung<\/a> <span class=\"date\">18.01.2026<\/span><\/li><li class=\"listing-item\"><a class=\"title\" href=\"https:\/\/starke-meinungen.de\/blog\/2025\/12\/15\/odesa-kein-strom-kein-wasser-kein-netz\/\">Odesa &#8211; kein Strom, kein Wasser, kein Netz&#8230;<\/a> <span class=\"date\">15.12.2025<\/span><\/li><li class=\"listing-item\"><a class=\"title\" href=\"https:\/\/starke-meinungen.de\/blog\/2025\/10\/27\/kherson-abriegeln-aushungern-zermuerben\/\">Kherson: Abriegeln, aushungern, zerm\u00fcrben<\/a> <span class=\"date\">27.10.2025<\/span><\/li><li class=\"listing-item\"><a class=\"title\" href=\"https:\/\/starke-meinungen.de\/blog\/2025\/07\/09\/ukraine-konferenz-rom-der-elefant-im-raum-korruption-in-der-ukraine\/\">Ukraine Konferenz Rom &#8211; Der Elefant im Raum: Korruption in der Ukraine<\/a> <span class=\"date\">09.07.2025<\/span><\/li><li class=\"listing-item\"><a class=\"title\" href=\"https:\/\/starke-meinungen.de\/blog\/2025\/03\/09\/wake-up-call-fuer-europa\/\">Wake-up-Call f\u00fcr Europa<\/a> <span class=\"date\">09.03.2025<\/span><\/li><li class=\"listing-item\"><a class=\"title\" href=\"https:\/\/starke-meinungen.de\/blog\/2025\/02\/10\/2015-bis-2025-eine-dekade-willkommensgesellschaft\/\">2015 bis 2025 &#8211; Eine Dekade Willkommensgesellschaft<\/a> <span class=\"date\">10.02.2025<\/span><\/li><li class=\"listing-item\"><a class=\"title\" href=\"https:\/\/starke-meinungen.de\/blog\/2025\/01\/26\/die-garnicht-so-hilflosen-helfer-oder-sind-wir-nicht-alle-ein-bisschen-anya\/\">Die garnicht so hilflosen Helfer &#8211; oder: Sind wir nicht alle ein bisschen Anya?<\/a> <span class=\"date\">26.01.2025<\/span><\/li><li class=\"listing-item\"><a class=\"title\" href=\"https:\/\/starke-meinungen.de\/blog\/2025\/01\/14\/ihr-koennt-uns-mal-ehrenamt-in-deutschland\/\">Ihr k\u00f6nnt uns mal! Ehrenamt in Deutschland.<\/a> <span class=\"date\">14.01.2025<\/span><\/li><li class=\"listing-item\"><a class=\"title\" href=\"https:\/\/starke-meinungen.de\/blog\/2025\/01\/09\/juedisch-in-deutschland-lieber-in-der-ukraine\/\">J\u00fcdisch in Deutschland? Lieber in der Ukraine\u2026<\/a> <span class=\"date\">09.01.2025<\/span><\/li><li class=\"listing-item\"><a class=\"title\" href=\"https:\/\/starke-meinungen.de\/blog\/2024\/12\/30\/und-es-hat-bumm-gemacht\/\">Und es hat Bumm gemacht\u2026<\/a> <span class=\"date\">30.12.2024<\/span><\/li><li class=\"listing-item\"><a class=\"title\" href=\"https:\/\/starke-meinungen.de\/blog\/2024\/12\/17\/kherson-an-der-front-und-irgendwie-egal\/\">Kherson &#8211; an der Front. Und irgendwie egal<\/a> <span class=\"date\">17.12.2024<\/span><\/li><\/ul>\n<div class=\"shariff shariff-align-left shariff-widget-align-left shariff-buttonstretch\" style=\"display:none\"><ul class=\"shariff-buttons theme-white orientation-horizontal buttonsize-medium\"><li class=\"shariff-button facebook shariff-nocustomcolor\" style=\"background-color:#4273c8\"><a href=\"https:\/\/www.facebook.com\/sharer\/sharer.php?u=https%3A%2F%2Fstarke-meinungen.de%2Fblog%2F2024%2F12%2F17%2Fkherson-an-der-front-und-irgendwie-egal%2F\" title=\"Bei Facebook teilen\" aria-label=\"Bei Facebook teilen\" role=\"button\" rel=\"nofollow\" class=\"shariff-link\" style=\"; background-color:#3b5998; color:#3b5998\" target=\"_blank\"><span class=\"shariff-icon\" style=\"fill:#3b5998\"><svg width=\"32px\" height=\"20px\" xmlns=\"http:\/\/www.w3.org\/2000\/svg\" viewBox=\"0 0 18 32\"><path fill=\"#3b5998\" d=\"M17.1 0.2v4.7h-2.8q-1.5 0-2.1 0.6t-0.5 1.9v3.4h5.2l-0.7 5.3h-4.5v13.6h-5.5v-13.6h-4.5v-5.3h4.5v-3.9q0-3.3 1.9-5.2t5-1.8q2.6 0 4.1 0.2z\"\/><\/svg><\/span><span class=\"shariff-text\" style=\"color:#3b5998\">teilen<\/span>&nbsp;<\/a><\/li><li class=\"shariff-button twitter shariff-nocustomcolor\" style=\"background-color:#595959\"><a href=\"https:\/\/twitter.com\/share?url=https%3A%2F%2Fstarke-meinungen.de%2Fblog%2F2024%2F12%2F17%2Fkherson-an-der-front-und-irgendwie-egal%2F&text=Kherson%20%E2%80%93%20an%20der%20Front.%20Und%20irgendwie%20egal&via=starkemeinungen\" title=\"Bei X teilen\" aria-label=\"Bei X teilen\" role=\"button\" rel=\"noopener nofollow\" class=\"shariff-link\" style=\"; background-color:#000; color:#000\" target=\"_blank\"><span class=\"shariff-icon\" style=\"fill:#000\"><svg width=\"32px\" height=\"20px\" xmlns=\"http:\/\/www.w3.org\/2000\/svg\" viewBox=\"0 0 24 24\"><path fill=\"#000\" d=\"M14.258 10.152L23.176 0h-2.113l-7.747 8.813L7.133 0H0l9.352 13.328L0 23.973h2.113l8.176-9.309 6.531 9.309h7.133zm-2.895 3.293l-.949-1.328L2.875 1.56h3.246l6.086 8.523.945 1.328 7.91 11.078h-3.246zm0 0\"\/><\/svg><\/span><span class=\"shariff-text\" style=\"color:#000\">teilen<\/span>&nbsp;<\/a><\/li><li class=\"shariff-button linkedin shariff-nocustomcolor\" style=\"background-color:#1488bf\"><a href=\"https:\/\/www.linkedin.com\/sharing\/share-offsite\/?url=https%3A%2F%2Fstarke-meinungen.de%2Fblog%2F2024%2F12%2F17%2Fkherson-an-der-front-und-irgendwie-egal%2F\" title=\"Bei LinkedIn teilen\" aria-label=\"Bei LinkedIn teilen\" role=\"button\" rel=\"noopener nofollow\" class=\"shariff-link\" style=\"; background-color:#0077b5; color:#0077b5\" target=\"_blank\"><span class=\"shariff-icon\" style=\"fill:#0077b5\"><svg width=\"32px\" height=\"20px\" xmlns=\"http:\/\/www.w3.org\/2000\/svg\" viewBox=\"0 0 27 32\"><path fill=\"#0077b5\" d=\"M6.2 11.2v17.7h-5.9v-17.7h5.9zM6.6 5.7q0 1.3-0.9 2.2t-2.4 0.9h0q-1.5 0-2.4-0.9t-0.9-2.2 0.9-2.2 2.4-0.9 2.4 0.9 0.9 2.2zM27.4 18.7v10.1h-5.9v-9.5q0-1.9-0.7-2.9t-2.3-1.1q-1.1 0-1.9 0.6t-1.2 1.5q-0.2 0.5-0.2 1.4v9.9h-5.9q0-7.1 0-11.6t0-5.3l0-0.9h5.9v2.6h0q0.4-0.6 0.7-1t1-0.9 1.6-0.8 2-0.3q3 0 4.9 2t1.9 6z\"\/><\/svg><\/span><span class=\"shariff-text\" style=\"color:#0077b5\">teilen<\/span>&nbsp;<\/a><\/li><li class=\"shariff-button xing shariff-nocustomcolor\" style=\"background-color:#29888a\"><a href=\"https:\/\/www.xing.com\/spi\/shares\/new?url=https%3A%2F%2Fstarke-meinungen.de%2Fblog%2F2024%2F12%2F17%2Fkherson-an-der-front-und-irgendwie-egal%2F\" title=\"Bei XING teilen\" aria-label=\"Bei XING teilen\" role=\"button\" rel=\"noopener nofollow\" class=\"shariff-link\" style=\"; background-color:#126567; color:#126567\" target=\"_blank\"><span class=\"shariff-icon\" style=\"fill:#126567\"><svg width=\"32px\" height=\"20px\" xmlns=\"http:\/\/www.w3.org\/2000\/svg\" viewBox=\"0 0 25 32\"><path fill=\"#126567\" d=\"M10.7 11.9q-0.2 0.3-4.6 8.2-0.5 0.8-1.2 0.8h-4.3q-0.4 0-0.5-0.3t0-0.6l4.5-8q0 0 0 0l-2.9-5q-0.2-0.4 0-0.7 0.2-0.3 0.5-0.3h4.3q0.7 0 1.2 0.8zM25.1 0.4q0.2 0.3 0 0.7l-9.4 16.7 6 11q0.2 0.4 0 0.6-0.2 0.3-0.6 0.3h-4.3q-0.7 0-1.2-0.8l-6-11.1q0.3-0.6 9.5-16.8 0.4-0.8 1.2-0.8h4.3q0.4 0 0.5 0.3z\"\/><\/svg><\/span><span class=\"shariff-text\" style=\"color:#126567\">teilen<\/span>&nbsp;<\/a><\/li><li class=\"shariff-button whatsapp shariff-nocustomcolor\" style=\"background-color:#5cbe4a\"><a href=\"https:\/\/api.whatsapp.com\/send?text=https%3A%2F%2Fstarke-meinungen.de%2Fblog%2F2024%2F12%2F17%2Fkherson-an-der-front-und-irgendwie-egal%2F%20Kherson%20%E2%80%93%20an%20der%20Front.%20Und%20irgendwie%20egal\" title=\"Bei Whatsapp teilen\" aria-label=\"Bei Whatsapp teilen\" role=\"button\" rel=\"noopener nofollow\" class=\"shariff-link\" style=\"; background-color:#34af23; color:#34af23\" target=\"_blank\"><span class=\"shariff-icon\" style=\"fill:#34af23\"><svg width=\"32px\" height=\"20px\" xmlns=\"http:\/\/www.w3.org\/2000\/svg\" viewBox=\"0 0 32 32\"><path fill=\"#34af23\" d=\"M17.6 17.4q0.2 0 1.7 0.8t1.6 0.9q0 0.1 0 0.3 0 0.6-0.3 1.4-0.3 0.7-1.3 1.2t-1.8 0.5q-1 0-3.4-1.1-1.7-0.8-3-2.1t-2.6-3.3q-1.3-1.9-1.3-3.5v-0.1q0.1-1.6 1.3-2.8 0.4-0.4 0.9-0.4 0.1 0 0.3 0t0.3 0q0.3 0 0.5 0.1t0.3 0.5q0.1 0.4 0.6 1.6t0.4 1.3q0 0.4-0.6 1t-0.6 0.8q0 0.1 0.1 0.3 0.6 1.3 1.8 2.4 1 0.9 2.7 1.8 0.2 0.1 0.4 0.1 0.3 0 1-0.9t0.9-0.9zM14 26.9q2.3 0 4.3-0.9t3.6-2.4 2.4-3.6 0.9-4.3-0.9-4.3-2.4-3.6-3.6-2.4-4.3-0.9-4.3 0.9-3.6 2.4-2.4 3.6-0.9 4.3q0 3.6 2.1 6.6l-1.4 4.2 4.3-1.4q2.8 1.9 6.2 1.9zM14 2.2q2.7 0 5.2 1.1t4.3 2.9 2.9 4.3 1.1 5.2-1.1 5.2-2.9 4.3-4.3 2.9-5.2 1.1q-3.5 0-6.5-1.7l-7.4 2.4 2.4-7.2q-1.9-3.2-1.9-6.9 0-2.7 1.1-5.2t2.9-4.3 4.3-2.9 5.2-1.1z\"\/><\/svg><\/span><span class=\"shariff-text\" style=\"color:#34af23\">teilen<\/span>&nbsp;<\/a><\/li><li class=\"shariff-button info shariff-nocustomcolor\" style=\"background-color:#a8a8a8\"><a href=\"http:\/\/ct.de\/-2467514\" title=\"Weitere Informationen\" aria-label=\"Weitere Informationen\" role=\"button\" rel=\"noopener \" class=\"shariff-link\" style=\"; background-color:#999; color:#999\" target=\"_blank\"><span class=\"shariff-icon\" style=\"fill:#999\"><svg width=\"32px\" height=\"20px\" xmlns=\"http:\/\/www.w3.org\/2000\/svg\" viewBox=\"0 0 11 32\"><path fill=\"#999\" d=\"M11.4 24v2.3q0 0.5-0.3 0.8t-0.8 0.4h-9.1q-0.5 0-0.8-0.4t-0.4-0.8v-2.3q0-0.5 0.4-0.8t0.8-0.4h1.1v-6.8h-1.1q-0.5 0-0.8-0.4t-0.4-0.8v-2.3q0-0.5 0.4-0.8t0.8-0.4h6.8q0.5 0 0.8 0.4t0.4 0.8v10.3h1.1q0.5 0 0.8 0.4t0.3 0.8zM9.2 3.4v3.4q0 0.5-0.4 0.8t-0.8 0.4h-4.6q-0.4 0-0.8-0.4t-0.4-0.8v-3.4q0-0.4 0.4-0.8t0.8-0.4h4.6q0.5 0 0.8 0.4t0.4 0.8z\"\/><\/svg><\/span><\/a><\/li><\/ul><\/div>","protected":false},"excerpt":{"rendered":"<p>hat 25 Jahre Hochglanz vollgeschrieben, national und International, mit Portr\u00e4ts und Interviews mit Gr\u00f6\u00dfen von Zaha Hadid bis Jeff Koons. Seit 2015 ist T\u00f6lke \u201eGutmensch\u201c, hat Be an Angel e.V. initiiert, um soziale und \u00f6konomischer Integration voranzutreiben, und das Restaurant Kreuzberger Himmel gegr\u00fcndet, das ausschlie\u00dflich von Menschen mit Fluchterfahrung betrieben wird. Seit dem 4. M\u00e4rz 2022 ist der Bundesverdienstkreuztr\u00e4ger meist&#8230; <a href=\"https:\/\/starke-meinungen.de\/blog\/2024\/12\/17\/kherson-an-der-front-und-irgendwie-egal\/\">Weiterlesen &raquo;<\/a><\/p>\n","protected":false},"author":42,"featured_media":10837,"parent":0,"menu_order":0,"comment_status":"closed","ping_status":"closed","template":"","meta":{"footnotes":""},"class_list":["post-10835","page","type-page","status-publish","has-post-thumbnail","hentry"],"yoast_head":"<!-- This site is optimized with the Yoast SEO plugin v27.4 - https:\/\/yoast.com\/product\/yoast-seo-wordpress\/ -->\n<title>Andreas T\u00f6lke - starke-meinungen.de<\/title>\n<meta name=\"robots\" content=\"index, follow, max-snippet:-1, max-image-preview:large, max-video-preview:-1\" \/>\n<link rel=\"canonical\" href=\"https:\/\/starke-meinungen.de\/blog\/andreas-toelke\/\" \/>\n<meta property=\"og:locale\" content=\"de_DE\" \/>\n<meta property=\"og:type\" content=\"article\" \/>\n<meta property=\"og:title\" content=\"Andreas T\u00f6lke - starke-meinungen.de\" \/>\n<meta property=\"og:description\" content=\"hat 25 Jahre Hochglanz vollgeschrieben, national und International, mit Portr\u00e4ts und Interviews mit Gr\u00f6\u00dfen von Zaha Hadid bis Jeff Koons. Seit 2015 ist T\u00f6lke \u201eGutmensch\u201c, hat Be an Angel e.V. initiiert, um soziale und \u00f6konomischer Integration voranzutreiben, und das Restaurant Kreuzberger Himmel gegr\u00fcndet, das ausschlie\u00dflich von Menschen mit Fluchterfahrung betrieben wird. Seit dem 4. M\u00e4rz 2022 ist der Bundesverdienstkreuztr\u00e4ger meist... Weiterlesen &raquo;\" \/>\n<meta property=\"og:url\" content=\"https:\/\/starke-meinungen.de\/blog\/andreas-toelke\/\" \/>\n<meta property=\"og:site_name\" content=\"starke-meinungen.de\" \/>\n<meta property=\"article:publisher\" content=\"https:\/\/www.facebook.com\/starkemeinungen\/\" \/>\n<meta property=\"article:modified_time\" content=\"2026-03-27T16:30:01+00:00\" \/>\n<meta property=\"og:image\" content=\"https:\/\/starke-meinungen.de\/blog\/wp-content\/uploads\/Toelke-scaled.jpg\" \/>\n\t<meta property=\"og:image:width\" content=\"1920\" \/>\n\t<meta property=\"og:image:height\" content=\"2560\" \/>\n\t<meta property=\"og:image:type\" content=\"image\/jpeg\" \/>\n<meta name=\"twitter:card\" content=\"summary_large_image\" \/>\n<meta name=\"twitter:site\" content=\"@starkemeinungen\" \/>\n<meta name=\"twitter:label1\" content=\"Gesch\u00e4tzte Lesezeit\" \/>\n\t<meta name=\"twitter:data1\" content=\"1\u00a0Minute\" \/>\n<script type=\"application\/ld+json\" class=\"yoast-schema-graph\">{\"@context\":\"https:\\\/\\\/schema.org\",\"@graph\":[{\"@type\":\"WebPage\",\"@id\":\"https:\\\/\\\/starke-meinungen.de\\\/blog\\\/andreas-toelke\\\/\",\"url\":\"https:\\\/\\\/starke-meinungen.de\\\/blog\\\/andreas-toelke\\\/\",\"name\":\"Andreas T\u00f6lke - starke-meinungen.de\",\"isPartOf\":{\"@id\":\"https:\\\/\\\/starke-meinungen.de\\\/blog\\\/#website\"},\"primaryImageOfPage\":{\"@id\":\"https:\\\/\\\/starke-meinungen.de\\\/blog\\\/andreas-toelke\\\/#primaryimage\"},\"image\":{\"@id\":\"https:\\\/\\\/starke-meinungen.de\\\/blog\\\/andreas-toelke\\\/#primaryimage\"},\"thumbnailUrl\":\"https:\\\/\\\/starke-meinungen.de\\\/blog\\\/wp-content\\\/uploads\\\/Toelke-scaled.jpg\",\"datePublished\":\"2024-12-17T16:28:05+00:00\",\"dateModified\":\"2026-03-27T16:30:01+00:00\",\"breadcrumb\":{\"@id\":\"https:\\\/\\\/starke-meinungen.de\\\/blog\\\/andreas-toelke\\\/#breadcrumb\"},\"inLanguage\":\"de\",\"potentialAction\":[{\"@type\":\"ReadAction\",\"target\":[\"https:\\\/\\\/starke-meinungen.de\\\/blog\\\/andreas-toelke\\\/\"]}]},{\"@type\":\"ImageObject\",\"inLanguage\":\"de\",\"@id\":\"https:\\\/\\\/starke-meinungen.de\\\/blog\\\/andreas-toelke\\\/#primaryimage\",\"url\":\"https:\\\/\\\/starke-meinungen.de\\\/blog\\\/wp-content\\\/uploads\\\/Toelke-scaled.jpg\",\"contentUrl\":\"https:\\\/\\\/starke-meinungen.de\\\/blog\\\/wp-content\\\/uploads\\\/Toelke-scaled.jpg\",\"width\":1920,\"height\":2560},{\"@type\":\"BreadcrumbList\",\"@id\":\"https:\\\/\\\/starke-meinungen.de\\\/blog\\\/andreas-toelke\\\/#breadcrumb\",\"itemListElement\":[{\"@type\":\"ListItem\",\"position\":1,\"name\":\"Startseite\",\"item\":\"https:\\\/\\\/starke-meinungen.de\\\/blog\\\/\"},{\"@type\":\"ListItem\",\"position\":2,\"name\":\"Andreas T\u00f6lke\"}]},{\"@type\":\"WebSite\",\"@id\":\"https:\\\/\\\/starke-meinungen.de\\\/blog\\\/#website\",\"url\":\"https:\\\/\\\/starke-meinungen.de\\\/blog\\\/\",\"name\":\"starke-meinungen.de\",\"description\":\"Autoren-Blog\",\"publisher\":{\"@id\":\"https:\\\/\\\/starke-meinungen.de\\\/blog\\\/#organization\"},\"potentialAction\":[{\"@type\":\"SearchAction\",\"target\":{\"@type\":\"EntryPoint\",\"urlTemplate\":\"https:\\\/\\\/starke-meinungen.de\\\/blog\\\/?s={search_term_string}\"},\"query-input\":{\"@type\":\"PropertyValueSpecification\",\"valueRequired\":true,\"valueName\":\"search_term_string\"}}],\"inLanguage\":\"de\"},{\"@type\":\"Organization\",\"@id\":\"https:\\\/\\\/starke-meinungen.de\\\/blog\\\/#organization\",\"name\":\"starke-meinungen.de\",\"url\":\"https:\\\/\\\/starke-meinungen.de\\\/blog\\\/\",\"logo\":{\"@type\":\"ImageObject\",\"inLanguage\":\"de\",\"@id\":\"https:\\\/\\\/starke-meinungen.de\\\/blog\\\/#\\\/schema\\\/logo\\\/image\\\/\",\"url\":\"https:\\\/\\\/starke-meinungen.de\\\/blog\\\/wp-content\\\/uploads\\\/starke-meinungen-fb-header.jpg\",\"contentUrl\":\"https:\\\/\\\/starke-meinungen.de\\\/blog\\\/wp-content\\\/uploads\\\/starke-meinungen-fb-header.jpg\",\"width\":1200,\"height\":630,\"caption\":\"starke-meinungen.de\"},\"image\":{\"@id\":\"https:\\\/\\\/starke-meinungen.de\\\/blog\\\/#\\\/schema\\\/logo\\\/image\\\/\"},\"sameAs\":[\"https:\\\/\\\/www.facebook.com\\\/starkemeinungen\\\/\",\"https:\\\/\\\/x.com\\\/starkemeinungen\"]}]}<\/script>\n<!-- \/ Yoast SEO plugin. -->","yoast_head_json":{"title":"Andreas T\u00f6lke - starke-meinungen.de","robots":{"index":"index","follow":"follow","max-snippet":"max-snippet:-1","max-image-preview":"max-image-preview:large","max-video-preview":"max-video-preview:-1"},"canonical":"https:\/\/starke-meinungen.de\/blog\/andreas-toelke\/","og_locale":"de_DE","og_type":"article","og_title":"Andreas T\u00f6lke - starke-meinungen.de","og_description":"hat 25 Jahre Hochglanz vollgeschrieben, national und International, mit Portr\u00e4ts und Interviews mit Gr\u00f6\u00dfen von Zaha Hadid bis Jeff Koons. Seit 2015 ist T\u00f6lke \u201eGutmensch\u201c, hat Be an Angel e.V. initiiert, um soziale und \u00f6konomischer Integration voranzutreiben, und das Restaurant Kreuzberger Himmel gegr\u00fcndet, das ausschlie\u00dflich von Menschen mit Fluchterfahrung betrieben wird. Seit dem 4. M\u00e4rz 2022 ist der Bundesverdienstkreuztr\u00e4ger meist... Weiterlesen &raquo;","og_url":"https:\/\/starke-meinungen.de\/blog\/andreas-toelke\/","og_site_name":"starke-meinungen.de","article_publisher":"https:\/\/www.facebook.com\/starkemeinungen\/","article_modified_time":"2026-03-27T16:30:01+00:00","og_image":[{"width":1920,"height":2560,"url":"https:\/\/starke-meinungen.de\/blog\/wp-content\/uploads\/Toelke-scaled.jpg","type":"image\/jpeg"}],"twitter_card":"summary_large_image","twitter_site":"@starkemeinungen","twitter_misc":{"Gesch\u00e4tzte Lesezeit":"1\u00a0Minute"},"schema":{"@context":"https:\/\/schema.org","@graph":[{"@type":"WebPage","@id":"https:\/\/starke-meinungen.de\/blog\/andreas-toelke\/","url":"https:\/\/starke-meinungen.de\/blog\/andreas-toelke\/","name":"Andreas T\u00f6lke - starke-meinungen.de","isPartOf":{"@id":"https:\/\/starke-meinungen.de\/blog\/#website"},"primaryImageOfPage":{"@id":"https:\/\/starke-meinungen.de\/blog\/andreas-toelke\/#primaryimage"},"image":{"@id":"https:\/\/starke-meinungen.de\/blog\/andreas-toelke\/#primaryimage"},"thumbnailUrl":"https:\/\/starke-meinungen.de\/blog\/wp-content\/uploads\/Toelke-scaled.jpg","datePublished":"2024-12-17T16:28:05+00:00","dateModified":"2026-03-27T16:30:01+00:00","breadcrumb":{"@id":"https:\/\/starke-meinungen.de\/blog\/andreas-toelke\/#breadcrumb"},"inLanguage":"de","potentialAction":[{"@type":"ReadAction","target":["https:\/\/starke-meinungen.de\/blog\/andreas-toelke\/"]}]},{"@type":"ImageObject","inLanguage":"de","@id":"https:\/\/starke-meinungen.de\/blog\/andreas-toelke\/#primaryimage","url":"https:\/\/starke-meinungen.de\/blog\/wp-content\/uploads\/Toelke-scaled.jpg","contentUrl":"https:\/\/starke-meinungen.de\/blog\/wp-content\/uploads\/Toelke-scaled.jpg","width":1920,"height":2560},{"@type":"BreadcrumbList","@id":"https:\/\/starke-meinungen.de\/blog\/andreas-toelke\/#breadcrumb","itemListElement":[{"@type":"ListItem","position":1,"name":"Startseite","item":"https:\/\/starke-meinungen.de\/blog\/"},{"@type":"ListItem","position":2,"name":"Andreas T\u00f6lke"}]},{"@type":"WebSite","@id":"https:\/\/starke-meinungen.de\/blog\/#website","url":"https:\/\/starke-meinungen.de\/blog\/","name":"starke-meinungen.de","description":"Autoren-Blog","publisher":{"@id":"https:\/\/starke-meinungen.de\/blog\/#organization"},"potentialAction":[{"@type":"SearchAction","target":{"@type":"EntryPoint","urlTemplate":"https:\/\/starke-meinungen.de\/blog\/?s={search_term_string}"},"query-input":{"@type":"PropertyValueSpecification","valueRequired":true,"valueName":"search_term_string"}}],"inLanguage":"de"},{"@type":"Organization","@id":"https:\/\/starke-meinungen.de\/blog\/#organization","name":"starke-meinungen.de","url":"https:\/\/starke-meinungen.de\/blog\/","logo":{"@type":"ImageObject","inLanguage":"de","@id":"https:\/\/starke-meinungen.de\/blog\/#\/schema\/logo\/image\/","url":"https:\/\/starke-meinungen.de\/blog\/wp-content\/uploads\/starke-meinungen-fb-header.jpg","contentUrl":"https:\/\/starke-meinungen.de\/blog\/wp-content\/uploads\/starke-meinungen-fb-header.jpg","width":1200,"height":630,"caption":"starke-meinungen.de"},"image":{"@id":"https:\/\/starke-meinungen.de\/blog\/#\/schema\/logo\/image\/"},"sameAs":["https:\/\/www.facebook.com\/starkemeinungen\/","https:\/\/x.com\/starkemeinungen"]}]}},"_links":{"self":[{"href":"https:\/\/starke-meinungen.de\/blog\/wp-json\/wp\/v2\/pages\/10835","targetHints":{"allow":["GET"]}}],"collection":[{"href":"https:\/\/starke-meinungen.de\/blog\/wp-json\/wp\/v2\/pages"}],"about":[{"href":"https:\/\/starke-meinungen.de\/blog\/wp-json\/wp\/v2\/types\/page"}],"author":[{"embeddable":true,"href":"https:\/\/starke-meinungen.de\/blog\/wp-json\/wp\/v2\/users\/42"}],"replies":[{"embeddable":true,"href":"https:\/\/starke-meinungen.de\/blog\/wp-json\/wp\/v2\/comments?post=10835"}],"version-history":[{"count":2,"href":"https:\/\/starke-meinungen.de\/blog\/wp-json\/wp\/v2\/pages\/10835\/revisions"}],"predecessor-version":[{"id":16991,"href":"https:\/\/starke-meinungen.de\/blog\/wp-json\/wp\/v2\/pages\/10835\/revisions\/16991"}],"wp:featuredmedia":[{"embeddable":true,"href":"https:\/\/starke-meinungen.de\/blog\/wp-json\/wp\/v2\/media\/10837"}],"wp:attachment":[{"href":"https:\/\/starke-meinungen.de\/blog\/wp-json\/wp\/v2\/media?parent=10835"}],"curies":[{"name":"wp","href":"https:\/\/api.w.org\/{rel}","templated":true}]}}